{"id":1543,"date":"2019-08-18T14:09:32","date_gmt":"2019-08-18T12:09:32","guid":{"rendered":"https:\/\/kanuclubwickede.wordpress.com\/?page_id=1543"},"modified":"2019-08-18T14:09:32","modified_gmt":"2019-08-18T12:09:32","slug":"bezirksfahrt-auf-der-ruhr-und-muellsaeuberung","status":"publish","type":"page","link":"https:\/\/kanu-club-wickede.de\/wp\/bilder-2019\/bezirksfahrt-auf-der-ruhr-und-muellsaeuberung\/","title":{"rendered":"Bezirksfahrt auf der Ruhr und M\u00fclls\u00e4uberung"},"content":{"rendered":"<p>Bilder von der Ruhrs\u00e4uberungsaktion der Ruhr vorm Bootshaus und der Bezirksfahrt einen Tag sp\u00e4ter.<\/p>\n\n\t\t<style type=\"text\/css\">\n\t\t\t#gallery-1 {\n\t\t\t\tmargin: auto;\n\t\t\t}\n\t\t\t#gallery-1 .gallery-item {\n\t\t\t\tfloat: left;\n\t\t\t\tmargin-top: 10px;\n\t\t\t\ttext-align: center;\n\t\t\t\twidth: 33%;\n\t\t\t}\n\t\t\t#gallery-1 img {\n\t\t\t\tborder: 2px solid #cfcfcf;\n\t\t\t}\n\t\t\t#gallery-1 .gallery-caption {\n\t\t\t\tmargin-left: 0;\n\t\t\t}\n\t\t\t\/* see gallery_shortcode() in wp-includes\/media.php *\/\n\t\t<\/style>\n\t\t<div id='gallery-1' class='gallery galleryid-1543 gallery-columns-3 gallery-size-thumbnail'><dl class='gallery-item'>\n\t\t\t<dt class='gallery-icon landscape'>\n\t\t\t\t<a href='https:\/\/kanu-club-wickede.de\/wp\/wp-content\/uploads\/2019\/08\/20190511.jpg'><img loading=\"lazy\" decoding=\"async\" width=\"150\" height=\"150\" src=\"https:\/\/kanu-club-wickede.de\/wp\/wp-content\/uploads\/2019\/08\/20190511-150x150.jpg\" class=\"attachment-thumbnail size-thumbnail\" alt=\"\" srcset=\"https:\/\/kanu-club-wickede.de\/wp\/wp-content\/uploads\/2019\/08\/20190511-150x150.jpg 150w, https:\/\/kanu-club-wickede.de\/wp\/wp-content\/uploads\/2019\/08\/20190511-88x88.jpg 88w\" sizes=\"auto, (max-width: 150px) 100vw, 150px\" \/><\/a>\n\t\t\t<\/dt><\/dl><dl class='gallery-item'>\n\t\t\t<dt class='gallery-icon portrait'>\n\t\t\t\t<a href='https:\/\/kanu-club-wickede.de\/wp\/wp-content\/uploads\/2019\/08\/20190511-2.jpg'><img loading=\"lazy\" decoding=\"async\" width=\"150\" height=\"150\" src=\"https:\/\/kanu-club-wickede.de\/wp\/wp-content\/uploads\/2019\/08\/20190511-2-150x150.jpg\" class=\"attachment-thumbnail size-thumbnail\" alt=\"\" srcset=\"https:\/\/kanu-club-wickede.de\/wp\/wp-content\/uploads\/2019\/08\/20190511-2-150x150.jpg 150w, https:\/\/kanu-club-wickede.de\/wp\/wp-content\/uploads\/2019\/08\/20190511-2-88x88.jpg 88w\" sizes=\"auto, (max-width: 150px) 100vw, 150px\" \/><\/a>\n\t\t\t<\/dt><\/dl><dl class='gallery-item'>\n\t\t\t<dt class='gallery-icon landscape'>\n\t\t\t\t<a href='https:\/\/kanu-club-wickede.de\/wp\/wp-content\/uploads\/2019\/08\/20190511-3.jpg'><img loading=\"lazy\" decoding=\"async\" width=\"150\" height=\"150\" src=\"https:\/\/kanu-club-wickede.de\/wp\/wp-content\/uploads\/2019\/08\/20190511-3-150x150.jpg\" class=\"attachment-thumbnail size-thumbnail\" alt=\"\" srcset=\"https:\/\/kanu-club-wickede.de\/wp\/wp-content\/uploads\/2019\/08\/20190511-3-150x150.jpg 150w, https:\/\/kanu-club-wickede.de\/wp\/wp-content\/uploads\/2019\/08\/20190511-3-88x88.jpg 88w\" sizes=\"auto, (max-width: 150px) 100vw, 150px\" \/><\/a>\n\t\t\t<\/dt><\/dl><br style=\"clear: both\" \/><dl class='gallery-item'>\n\t\t\t<dt class='gallery-icon landscape'>\n\t\t\t\t<a href='https:\/\/kanu-club-wickede.de\/wp\/wp-content\/uploads\/2019\/08\/20190512-6.jpg'><img loading=\"lazy\" decoding=\"async\" width=\"150\" height=\"150\" src=\"https:\/\/kanu-club-wickede.de\/wp\/wp-content\/uploads\/2019\/08\/20190512-6-150x150.jpg\" class=\"attachment-thumbnail size-thumbnail\" alt=\"\" srcset=\"https:\/\/kanu-club-wickede.de\/wp\/wp-content\/uploads\/2019\/08\/20190512-6-150x150.jpg 150w, https:\/\/kanu-club-wickede.de\/wp\/wp-content\/uploads\/2019\/08\/20190512-6-88x88.jpg 88w\" sizes=\"auto, (max-width: 150px) 100vw, 150px\" \/><\/a>\n\t\t\t<\/dt><\/dl><dl class='gallery-item'>\n\t\t\t<dt class='gallery-icon landscape'>\n\t\t\t\t<a href='https:\/\/kanu-club-wickede.de\/wp\/wp-content\/uploads\/2019\/08\/20190512-14.jpg'><img loading=\"lazy\" decoding=\"async\" width=\"150\" height=\"150\" src=\"https:\/\/kanu-club-wickede.de\/wp\/wp-content\/uploads\/2019\/08\/20190512-14-150x150.jpg\" class=\"attachment-thumbnail size-thumbnail\" alt=\"\" srcset=\"https:\/\/kanu-club-wickede.de\/wp\/wp-content\/uploads\/2019\/08\/20190512-14-150x150.jpg 150w, https:\/\/kanu-club-wickede.de\/wp\/wp-content\/uploads\/2019\/08\/20190512-14-88x88.jpg 88w\" sizes=\"auto, (max-width: 150px) 100vw, 150px\" \/><\/a>\n\t\t\t<\/dt><\/dl><dl class='gallery-item'>\n\t\t\t<dt class='gallery-icon landscape'>\n\t\t\t\t<a href='https:\/\/kanu-club-wickede.de\/wp\/wp-content\/uploads\/2019\/08\/20190512-40.jpg'><img loading=\"lazy\" decoding=\"async\" width=\"150\" height=\"150\" src=\"https:\/\/kanu-club-wickede.de\/wp\/wp-content\/uploads\/2019\/08\/20190512-40-150x150.jpg\" class=\"attachment-thumbnail size-thumbnail\" alt=\"\" srcset=\"https:\/\/kanu-club-wickede.de\/wp\/wp-content\/uploads\/2019\/08\/20190512-40-150x150.jpg 150w, https:\/\/kanu-club-wickede.de\/wp\/wp-content\/uploads\/2019\/08\/20190512-40-88x88.jpg 88w\" sizes=\"auto, (max-width: 150px) 100vw, 150px\" \/><\/a>\n\t\t\t<\/dt><\/dl><br style=\"clear: both\" \/><dl class='gallery-item'>\n\t\t\t<dt class='gallery-icon landscape'>\n\t\t\t\t<a href='https:\/\/kanu-club-wickede.de\/wp\/wp-content\/uploads\/2019\/08\/20190512-91.jpg'><img loading=\"lazy\" decoding=\"async\" width=\"150\" height=\"150\" src=\"https:\/\/kanu-club-wickede.de\/wp\/wp-content\/uploads\/2019\/08\/20190512-91-150x150.jpg\" class=\"attachment-thumbnail size-thumbnail\" alt=\"\" srcset=\"https:\/\/kanu-club-wickede.de\/wp\/wp-content\/uploads\/2019\/08\/20190512-91-150x150.jpg 150w, https:\/\/kanu-club-wickede.de\/wp\/wp-content\/uploads\/2019\/08\/20190512-91-88x88.jpg 88w\" sizes=\"auto, (max-width: 150px) 100vw, 150px\" \/><\/a>\n\t\t\t<\/dt><\/dl><dl class='gallery-item'>\n\t\t\t<dt class='gallery-icon landscape'>\n\t\t\t\t<a href='https:\/\/kanu-club-wickede.de\/wp\/wp-content\/uploads\/2019\/08\/20190512-118.jpg'><img loading=\"lazy\" decoding=\"async\" width=\"150\" height=\"150\" src=\"https:\/\/kanu-club-wickede.de\/wp\/wp-content\/uploads\/2019\/08\/20190512-118-150x150.jpg\" class=\"attachment-thumbnail size-thumbnail\" alt=\"\" srcset=\"https:\/\/kanu-club-wickede.de\/wp\/wp-content\/uploads\/2019\/08\/20190512-118-150x150.jpg 150w, https:\/\/kanu-club-wickede.de\/wp\/wp-content\/uploads\/2019\/08\/20190512-118-88x88.jpg 88w\" sizes=\"auto, (max-width: 150px) 100vw, 150px\" \/><\/a>\n\t\t\t<\/dt><\/dl><dl class='gallery-item'>\n\t\t\t<dt class='gallery-icon landscape'>\n\t\t\t\t<a href='https:\/\/kanu-club-wickede.de\/wp\/wp-content\/uploads\/2019\/08\/20190512-127.jpg'><img loading=\"lazy\" decoding=\"async\" width=\"150\" height=\"150\" src=\"https:\/\/kanu-club-wickede.de\/wp\/wp-content\/uploads\/2019\/08\/20190512-127-150x150.jpg\" class=\"attachment-thumbnail size-thumbnail\" alt=\"\" srcset=\"https:\/\/kanu-club-wickede.de\/wp\/wp-content\/uploads\/2019\/08\/20190512-127-150x150.jpg 150w, https:\/\/kanu-club-wickede.de\/wp\/wp-content\/uploads\/2019\/08\/20190512-127-88x88.jpg 88w\" sizes=\"auto, (max-width: 150px) 100vw, 150px\" \/><\/a>\n\t\t\t<\/dt><\/dl><br style=\"clear: both\" \/>\n\t\t<\/div>\n\n","protected":false},"excerpt":{"rendered":"<p>Bilder von der Ruhrs\u00e4uberungsaktion der Ruhr vorm Bootshaus und der Bezirksfahrt einen Tag sp\u00e4ter.<\/p>\n","protected":false},"author":2,"featured_media":0,"parent":1426,"menu_order":0,"comment_status":"closed","ping_status":"closed","template":"","meta":{"ngg_post_thumbnail":0,"footnotes":""},"class_list":["post-1543","page","type-page","status-publish","hentry"],"_links":{"self":[{"href":"https:\/\/kanu-club-wickede.de\/wp\/wp-json\/wp\/v2\/pages\/1543","targetHints":{"allow":["GET"]}}],"collection":[{"href":"https:\/\/kanu-club-wickede.de\/wp\/wp-json\/wp\/v2\/pages"}],"about":[{"href":"https:\/\/kanu-club-wickede.de\/wp\/wp-json\/wp\/v2\/types\/page"}],"author":[{"embeddable":true,"href":"https:\/\/kanu-club-wickede.de\/wp\/wp-json\/wp\/v2\/users\/2"}],"replies":[{"embeddable":true,"href":"https:\/\/kanu-club-wickede.de\/wp\/wp-json\/wp\/v2\/comments?post=1543"}],"version-history":[{"count":0,"href":"https:\/\/kanu-club-wickede.de\/wp\/wp-json\/wp\/v2\/pages\/1543\/revisions"}],"up":[{"embeddable":true,"href":"https:\/\/kanu-club-wickede.de\/wp\/wp-json\/wp\/v2\/pages\/1426"}],"wp:attachment":[{"href":"https:\/\/kanu-club-wickede.de\/wp\/wp-json\/wp\/v2\/media?parent=1543"}],"curies":[{"name":"wp","href":"https:\/\/api.w.org\/{rel}","templated":true}]}}